{"id":82,"date":"2024-03-03T20:55:10","date_gmt":"2024-03-03T17:55:10","guid":{"rendered":"https:\/\/safirdemo.com\/atolye\/hakkimizda\/"},"modified":"2025-08-10T15:40:56","modified_gmt":"2025-08-10T12:40:56","slug":"hakkimizda","status":"publish","type":"page","link":"https:\/\/erturanmuhendislik.com\/?page_id=82","title":{"rendered":"Hakk\u0131m\u0131zda"},"content":{"rendered":"\n<figure class=\"wp-block-image size-large\"><img loading=\"lazy\" decoding=\"async\" width=\"1024\" height=\"682\" src=\"http:\/\/erturanmuhendislik.com\/wp-content\/uploads\/2024\/03\/g00015-1-1-1024x682.jpeg\" alt=\"\" class=\"wp-image-272\" srcset=\"https:\/\/erturanmuhendislik.com\/wp-content\/uploads\/2024\/03\/g00015-1-1-1024x682.jpeg 1024w, https:\/\/erturanmuhendislik.com\/wp-content\/uploads\/2024\/03\/g00015-1-1-300x200.jpeg 300w, https:\/\/erturanmuhendislik.com\/wp-content\/uploads\/2024\/03\/g00015-1-1-768x512.jpeg 768w, https:\/\/erturanmuhendislik.com\/wp-content\/uploads\/2024\/03\/g00015-1-1.jpeg 1280w\" sizes=\"auto, (max-width: 1024px) 100vw, 1024px\" \/><\/figure>\n\n\n\n<p>2003 y\u0131l\u0131nda kurulan <strong>Erturan M\u00fchendislik<\/strong>, Kocaeli\u2019nin \u0130zmit il\u00e7esinde do\u011falgaz ve \u0131s\u0131tma sistemleri alan\u0131nda uzmanla\u015fm\u0131\u015f k\u00f6kl\u00fc bir firmad\u0131r. \u201c<strong>Erturan Kombi<\/strong>\u201d markam\u0131zla, y\u0131llard\u0131r kombi ve do\u011falgaz sobas\u0131 tamir, bak\u0131m ve kurulum hizmetlerinde g\u00fcvenilir bir \u00e7\u00f6z\u00fcm orta\u011f\u0131 olarak faaliyet g\u00f6stermekteyiz.<\/p>\n\n\n\n<p>Makine m\u00fchendisi kurucumuzun sahip oldu\u011fu <strong>\u0130zgaz Yetki Belgesi<\/strong>, <strong>End\u00fcstriyel Tesislerde Do\u011falgaz T\u00fcketim Sertifikas\u0131<\/strong> ve <strong>Do\u011falgaz Yak\u0131c\u0131 Cihazlar Servislik Sertifikas\u0131<\/strong>, sundu\u011fumuz hizmetlerin teknik yeterlilik ve g\u00fcvenlik standartlar\u0131na uygunlu\u011funu garanti alt\u0131na almaktad\u0131r.<\/p>\n\n\n\n<div class=\"\" data-col=\"2\"><ul class=\"wp-block-list\">\n<li>Kombi ve Do\u011falgaz Sobas\u0131 sat\u0131\u015f\u0131<\/li>\n\n\n\n<li>Petek Sat\u0131\u015f\u0131<\/li>\n\n\n\n<li>Kombi ve Do\u011falgaz Sobas\u0131 kurulumu<\/li>\n\n\n\n<li>Kombi ve Do\u011falgaz Sobas\u0131 bak\u0131m\u0131<\/li>\n\n\n\n<li>Kombi ve Do\u011falgaz Sobas\u0131 tamiri<\/li>\n\n\n\n<li>Petek Temizli\u011fi<\/li>\n<\/ul><\/div>\n\n\n\n<div class=\"safir-list\" data-col=\"1\"><ul class=\"wp-block-list\">\n<li>M\u00fc\u015fteri memnuniyetini her zaman \u00f6n planda tutan firmam\u0131z, \u0130zmit ba\u015fta olmak \u00fczere Kocaeli\u2019nin t\u00fcm il\u00e7elerine hizmet vermektedir. Amac\u0131m\u0131z, her marka ve model kombi ile do\u011falgaz sobas\u0131nda  <strong>h\u0131zl\u0131, g\u00fcvenli ve kaliteli hizmet<\/strong> sa\u011flayarak, k\u0131\u015f aylar\u0131nda s\u0131cak ve konforlu ya\u015fam alanlar\u0131 sunmakt\u0131r.<\/li>\n<\/ul><\/div>\n\n\n<div class=\"wp-block-safirtema-safirbutton safirButton wp-block-safirtema-safirbutton\">\n\t<a href=http:\/\/erturanmuhendislik.com\/?page_id=303 rel=>\n\t\t<span class=\"safiricon icon\"><svg class=\"safiricon-bayrak\"><use href=\"#safiricon-bayrak\"><\/use><\/svg><\/span>\t\t<div class=\"text\">\n\t\t\tB\u0130Z\u0130 HEMEN ARAYAB\u0130L\u0130RS\u0130N\u0130Z.\t\t<\/div>\n\t<\/a>\n<\/div>\n\n\n<div class=\"wp-block-columns is-layout-flex wp-container-core-columns-is-layout-9d6595d7 wp-block-columns-is-layout-flex\">\n<div class=\"wp-block-column is-layout-flow wp-block-column-is-layout-flow\"><\/div>\n\n\n\n<div class=\"wp-block-column is-layout-flow wp-block-column-is-layout-flow\"><\/div>\n<\/div>\n\n\n<div style=\"color:var(--headColor);\" class=\"wp-block-safirtema-mainheading has-text-color\">\n\t<div class=\"singleHeading\">\n\t\t<div class=\"inner\">\n\t\t\t<span class=\"safiricon icon\"><svg class=\"safiricon-paylas\"><use href=\"#safiricon-paylas\"><\/use><\/svg><\/span>\t\t\t<div class=\"text\">Sosyal Medya Hesaplar\u0131m\u0131z<\/div>\n\t\t<\/div>\n\t<\/div>\n<\/div>\n\n\t\t<ul class=\"safirSocial\">\n\t\t\t<li class=\"facebook\"><a rel=\"external\" href=\"#\" title=\"Sitemizi Facebook \u00fczerinden takip edin\"><span class=\"themeicon icon\"><svg class=\"themeicon-facebook\"><use href=\"#themeicon-facebook\"><\/use><\/svg><\/span><\/a><\/li><li class=\"twitter\"><a rel=\"external\" href=\"#\" title=\"Sitemizi Twitter \u00fczerinden takip edin\"><span class=\"themeicon icon\"><svg class=\"themeicon-twitter\"><use href=\"#themeicon-twitter\"><\/use><\/svg><\/span><\/a><\/li><li class=\"instagram\"><a rel=\"external\" href=\"#\" title=\"Sitemizi Instagram \u00fczerinden takip edin\"><span class=\"themeicon icon\"><svg class=\"themeicon-instagram\"><use href=\"#themeicon-instagram\"><\/use><\/svg><\/span><\/a><\/li><li class=\"linkedin\"><a rel=\"external\" href=\"#\" title=\"Sitemizi Linkedin \u00fczerinden takip edin\"><span class=\"themeicon icon\"><svg class=\"themeicon-linkedin\"><use href=\"#themeicon-linkedin\"><\/use><\/svg><\/span><\/a><\/li><li class=\"youtube\"><a rel=\"external\" href=\"#\" title=\"Sitemizi Youtube \u00fczerinden takip edin\"><span class=\"themeicon icon\"><svg class=\"themeicon-youtube\"><use href=\"#themeicon-youtube\"><\/use><\/svg><\/span><\/a><\/li><li class=\"pinterest\"><a rel=\"external\" href=\"#\" title=\"Sitemizi Pinterest \u00fczerinden takip edin\"><span class=\"themeicon icon\"><svg class=\"themeicon-pinterest\"><use href=\"#themeicon-pinterest\"><\/use><\/svg><\/span><\/a><\/li><li class=\"whatsapp\"><a rel=\"external\" href=\"#\" title=\"Sitemizi Whatsapp \u00fczerinden takip edin\"><span class=\"themeicon icon\"><svg class=\"themeicon-whatsapp\"><use href=\"#themeicon-whatsapp\"><\/use><\/svg><\/span><\/a><\/li>\t\t<\/ul>\n\t\t\n\n\n\n<div class=\"\" data-col=\"2\"><ul class=\"wp-block-list\">\n<li><\/li>\n<\/ul><\/div>\n\n\n\n<p><\/p>\n","protected":false},"excerpt":{"rendered":"<p>2003 y\u0131l\u0131nda kurulan Erturan M\u00fchendislik, Kocaeli\u2019nin \u0130zmit il\u00e7esinde do\u011falgaz ve \u0131s\u0131tma sistemleri alan\u0131nda uzmanla\u015fm\u0131\u015f k\u00f6kl\u00fc bir firmad\u0131r. \u201cErturan Kombi\u201d markam\u0131zla, y\u0131llard\u0131r kombi ve do\u011falgaz sobas\u0131 tamir, bak\u0131m ve kurulum hizmetlerinde g\u00fcvenilir bir \u00e7\u00f6z\u00fcm orta\u011f\u0131 olarak faaliyet g\u00f6stermekteyiz. Makine m\u00fchendisi kurucumuzun sahip oldu\u011fu \u0130zgaz Yetki Belgesi, End\u00fcstriyel Tesislerde Do\u011falgaz T\u00fcketim Sertifikas\u0131 ve Do\u011falgaz Yak\u0131c\u0131 Cihazlar Servislik [&hellip;]<\/p>\n","protected":false},"author":1,"featured_media":0,"parent":0,"menu_order":0,"comment_status":"closed","ping_status":"closed","template":"","meta":{"footnotes":""},"class_list":["post-82","page","type-page","status-publish","hentry"],"_links":{"self":[{"href":"https:\/\/erturanmuhendislik.com\/index.php?rest_route=\/wp\/v2\/pages\/82","targetHints":{"allow":["GET"]}}],"collection":[{"href":"https:\/\/erturanmuhendislik.com\/index.php?rest_route=\/wp\/v2\/pages"}],"about":[{"href":"https:\/\/erturanmuhendislik.com\/index.php?rest_route=\/wp\/v2\/types\/page"}],"author":[{"embeddable":true,"href":"https:\/\/erturanmuhendislik.com\/index.php?rest_route=\/wp\/v2\/users\/1"}],"replies":[{"embeddable":true,"href":"https:\/\/erturanmuhendislik.com\/index.php?rest_route=%2Fwp%2Fv2%2Fcomments&post=82"}],"version-history":[{"count":5,"href":"https:\/\/erturanmuhendislik.com\/index.php?rest_route=\/wp\/v2\/pages\/82\/revisions"}],"predecessor-version":[{"id":719,"href":"https:\/\/erturanmuhendislik.com\/index.php?rest_route=\/wp\/v2\/pages\/82\/revisions\/719"}],"wp:attachment":[{"href":"https:\/\/erturanmuhendislik.com\/index.php?rest_route=%2Fwp%2Fv2%2Fmedia&parent=82"}],"curies":[{"name":"wp","href":"https:\/\/api.w.org\/{rel}","templated":true}]}}