{"id":68,"date":"2024-03-03T20:11:05","date_gmt":"2024-03-03T17:11:05","guid":{"rendered":"https:\/\/safirdemo.com\/atolye\/foto-galeri\/"},"modified":"2025-08-12T15:19:41","modified_gmt":"2025-08-12T12:19:41","slug":"foto-galeri","status":"publish","type":"page","link":"https:\/\/erturanmuhendislik.com\/?page_id=68","title":{"rendered":"Foto Galeri (Lightbox)"},"content":{"rendered":"\n<p>Resimleri ayr\u0131nt\u0131l\u0131 g\u00f6rebilmek i\u00e7in \u00fczerine t\u0131klayabilir, Kayd\u0131rarak \u00f6nceki ve sonraki Rasim&#8217;e ge\u00e7ebilirsiniz. <\/p>\n\n\n\n<figure class=\"wp-block-gallery has-nested-images columns-default is-cropped wp-block-gallery-1 is-layout-flex wp-block-gallery-is-layout-flex\">\n<figure class=\"wp-block-image size-large\"><a href=\"http:\/\/erturanmuhendislik.com\/wp-content\/uploads\/2024\/03\/gallery00001-1.jpeg\"><img loading=\"lazy\" decoding=\"async\" width=\"1024\" height=\"682\" data-id=\"92\" src=\"http:\/\/erturanmuhendislik.com\/wp-content\/uploads\/2024\/03\/gallery00001-1-1024x682.jpeg\" alt=\"\" class=\"wp-image-92\" srcset=\"https:\/\/erturanmuhendislik.com\/wp-content\/uploads\/2024\/03\/gallery00001-1-1024x682.jpeg 1024w, https:\/\/erturanmuhendislik.com\/wp-content\/uploads\/2024\/03\/gallery00001-1-300x200.jpeg 300w, https:\/\/erturanmuhendislik.com\/wp-content\/uploads\/2024\/03\/gallery00001-1-768x512.jpeg 768w, https:\/\/erturanmuhendislik.com\/wp-content\/uploads\/2024\/03\/gallery00001-1.jpeg 1280w\" sizes=\"auto, (max-width: 1024px) 100vw, 1024px\" \/><\/a><\/figure>\n\n\n\n<figure class=\"wp-block-image size-large\"><a href=\"http:\/\/erturanmuhendislik.com\/wp-content\/uploads\/2024\/03\/gallery00002-1.jpeg\"><img loading=\"lazy\" decoding=\"async\" width=\"1024\" height=\"682\" data-id=\"93\" src=\"http:\/\/erturanmuhendislik.com\/wp-content\/uploads\/2024\/03\/gallery00002-1-1024x682.jpeg\" alt=\"\" class=\"wp-image-93\" srcset=\"https:\/\/erturanmuhendislik.com\/wp-content\/uploads\/2024\/03\/gallery00002-1-1024x682.jpeg 1024w, https:\/\/erturanmuhendislik.com\/wp-content\/uploads\/2024\/03\/gallery00002-1-300x200.jpeg 300w, https:\/\/erturanmuhendislik.com\/wp-content\/uploads\/2024\/03\/gallery00002-1-768x512.jpeg 768w, https:\/\/erturanmuhendislik.com\/wp-content\/uploads\/2024\/03\/gallery00002-1.jpeg 1280w\" sizes=\"auto, (max-width: 1024px) 100vw, 1024px\" \/><\/a><\/figure>\n\n\n\n<figure class=\"wp-block-image size-large\"><a href=\"http:\/\/erturanmuhendislik.com\/wp-content\/uploads\/2024\/03\/gallery00003-1.jpeg\"><img loading=\"lazy\" decoding=\"async\" width=\"1024\" height=\"682\" data-id=\"94\" src=\"http:\/\/erturanmuhendislik.com\/wp-content\/uploads\/2024\/03\/gallery00003-1-1024x682.jpeg\" alt=\"\" class=\"wp-image-94\" srcset=\"https:\/\/erturanmuhendislik.com\/wp-content\/uploads\/2024\/03\/gallery00003-1-1024x682.jpeg 1024w, https:\/\/erturanmuhendislik.com\/wp-content\/uploads\/2024\/03\/gallery00003-1-300x200.jpeg 300w, https:\/\/erturanmuhendislik.com\/wp-content\/uploads\/2024\/03\/gallery00003-1-768x512.jpeg 768w, https:\/\/erturanmuhendislik.com\/wp-content\/uploads\/2024\/03\/gallery00003-1.jpeg 1280w\" sizes=\"auto, (max-width: 1024px) 100vw, 1024px\" \/><\/a><\/figure>\n\n\n\n<figure class=\"wp-block-image size-large\"><a href=\"http:\/\/erturanmuhendislik.com\/wp-content\/uploads\/2024\/03\/gallery00004-1.jpeg\"><img loading=\"lazy\" decoding=\"async\" width=\"1024\" height=\"681\" data-id=\"95\" src=\"http:\/\/erturanmuhendislik.com\/wp-content\/uploads\/2024\/03\/gallery00004-1-1024x681.jpeg\" alt=\"\" class=\"wp-image-95\" srcset=\"https:\/\/erturanmuhendislik.com\/wp-content\/uploads\/2024\/03\/gallery00004-1-1024x681.jpeg 1024w, https:\/\/erturanmuhendislik.com\/wp-content\/uploads\/2024\/03\/gallery00004-1-300x199.jpeg 300w, https:\/\/erturanmuhendislik.com\/wp-content\/uploads\/2024\/03\/gallery00004-1-768x511.jpeg 768w, https:\/\/erturanmuhendislik.com\/wp-content\/uploads\/2024\/03\/gallery00004-1.jpeg 1280w\" sizes=\"auto, (max-width: 1024px) 100vw, 1024px\" \/><\/a><\/figure>\n\n\n\n<figure class=\"wp-block-image size-large\"><a href=\"http:\/\/erturanmuhendislik.com\/wp-content\/uploads\/2024\/03\/gallery00005-1.jpeg\"><img loading=\"lazy\" decoding=\"async\" width=\"1024\" height=\"682\" data-id=\"96\" src=\"http:\/\/erturanmuhendislik.com\/wp-content\/uploads\/2024\/03\/gallery00005-1-1024x682.jpeg\" alt=\"\" class=\"wp-image-96\" srcset=\"https:\/\/erturanmuhendislik.com\/wp-content\/uploads\/2024\/03\/gallery00005-1-1024x682.jpeg 1024w, https:\/\/erturanmuhendislik.com\/wp-content\/uploads\/2024\/03\/gallery00005-1-300x200.jpeg 300w, https:\/\/erturanmuhendislik.com\/wp-content\/uploads\/2024\/03\/gallery00005-1-768x512.jpeg 768w, https:\/\/erturanmuhendislik.com\/wp-content\/uploads\/2024\/03\/gallery00005-1.jpeg 1280w\" sizes=\"auto, (max-width: 1024px) 100vw, 1024px\" \/><\/a><\/figure>\n\n\n\n<figure class=\"wp-block-image size-large\"><a href=\"http:\/\/erturanmuhendislik.com\/wp-content\/uploads\/2024\/03\/gallery00006-1.jpeg\"><img loading=\"lazy\" decoding=\"async\" width=\"1024\" height=\"682\" data-id=\"97\" src=\"http:\/\/erturanmuhendislik.com\/wp-content\/uploads\/2024\/03\/gallery00006-1-1024x682.jpeg\" alt=\"\" class=\"wp-image-97\" srcset=\"https:\/\/erturanmuhendislik.com\/wp-content\/uploads\/2024\/03\/gallery00006-1-1024x682.jpeg 1024w, https:\/\/erturanmuhendislik.com\/wp-content\/uploads\/2024\/03\/gallery00006-1-300x200.jpeg 300w, https:\/\/erturanmuhendislik.com\/wp-content\/uploads\/2024\/03\/gallery00006-1-768x512.jpeg 768w, https:\/\/erturanmuhendislik.com\/wp-content\/uploads\/2024\/03\/gallery00006-1.jpeg 1280w\" sizes=\"auto, (max-width: 1024px) 100vw, 1024px\" \/><\/a><\/figure>\n\n\n\n<figure class=\"wp-block-image size-large\"><a href=\"http:\/\/erturanmuhendislik.com\/wp-content\/uploads\/2024\/03\/gallery00007-1.jpeg\"><img loading=\"lazy\" decoding=\"async\" width=\"1024\" height=\"682\" data-id=\"98\" src=\"http:\/\/erturanmuhendislik.com\/wp-content\/uploads\/2024\/03\/gallery00007-1-1024x682.jpeg\" alt=\"\" class=\"wp-image-98\" srcset=\"https:\/\/erturanmuhendislik.com\/wp-content\/uploads\/2024\/03\/gallery00007-1-1024x682.jpeg 1024w, https:\/\/erturanmuhendislik.com\/wp-content\/uploads\/2024\/03\/gallery00007-1-300x200.jpeg 300w, https:\/\/erturanmuhendislik.com\/wp-content\/uploads\/2024\/03\/gallery00007-1-768x512.jpeg 768w, https:\/\/erturanmuhendislik.com\/wp-content\/uploads\/2024\/03\/gallery00007-1.jpeg 1280w\" sizes=\"auto, (max-width: 1024px) 100vw, 1024px\" \/><\/a><\/figure>\n\n\n\n<figure class=\"wp-block-image size-large\"><a href=\"http:\/\/erturanmuhendislik.com\/wp-content\/uploads\/2024\/03\/gallery00008-1.jpeg\"><img loading=\"lazy\" decoding=\"async\" width=\"1024\" height=\"682\" data-id=\"99\" src=\"http:\/\/erturanmuhendislik.com\/wp-content\/uploads\/2024\/03\/gallery00008-1-1024x682.jpeg\" alt=\"\" class=\"wp-image-99\" srcset=\"https:\/\/erturanmuhendislik.com\/wp-content\/uploads\/2024\/03\/gallery00008-1-1024x682.jpeg 1024w, https:\/\/erturanmuhendislik.com\/wp-content\/uploads\/2024\/03\/gallery00008-1-300x200.jpeg 300w, https:\/\/erturanmuhendislik.com\/wp-content\/uploads\/2024\/03\/gallery00008-1-768x511.jpeg 768w, https:\/\/erturanmuhendislik.com\/wp-content\/uploads\/2024\/03\/gallery00008-1.jpeg 1280w\" sizes=\"auto, (max-width: 1024px) 100vw, 1024px\" \/><\/a><\/figure>\n\n\n\n<figure class=\"wp-block-image size-large\"><a href=\"http:\/\/erturanmuhendislik.com\/wp-content\/uploads\/2024\/03\/gallery00009-1.jpeg\"><img loading=\"lazy\" decoding=\"async\" width=\"1024\" height=\"683\" data-id=\"100\" src=\"http:\/\/erturanmuhendislik.com\/wp-content\/uploads\/2024\/03\/gallery00009-1-1024x683.jpeg\" alt=\"\" class=\"wp-image-100\" srcset=\"https:\/\/erturanmuhendislik.com\/wp-content\/uploads\/2024\/03\/gallery00009-1-1024x683.jpeg 1024w, https:\/\/erturanmuhendislik.com\/wp-content\/uploads\/2024\/03\/gallery00009-1-300x200.jpeg 300w, https:\/\/erturanmuhendislik.com\/wp-content\/uploads\/2024\/03\/gallery00009-1-768x512.jpeg 768w, https:\/\/erturanmuhendislik.com\/wp-content\/uploads\/2024\/03\/gallery00009-1.jpeg 1280w\" sizes=\"auto, (max-width: 1024px) 100vw, 1024px\" \/><\/a><\/figure>\n\n\n\n<figure class=\"wp-block-image size-large\"><a href=\"http:\/\/erturanmuhendislik.com\/wp-content\/uploads\/2024\/03\/gallery00010-1.jpeg\"><img loading=\"lazy\" decoding=\"async\" width=\"1024\" height=\"576\" data-id=\"101\" src=\"http:\/\/erturanmuhendislik.com\/wp-content\/uploads\/2024\/03\/gallery00010-1-1024x576.jpeg\" alt=\"\" class=\"wp-image-101\" srcset=\"https:\/\/erturanmuhendislik.com\/wp-content\/uploads\/2024\/03\/gallery00010-1-1024x576.jpeg 1024w, https:\/\/erturanmuhendislik.com\/wp-content\/uploads\/2024\/03\/gallery00010-1-300x169.jpeg 300w, https:\/\/erturanmuhendislik.com\/wp-content\/uploads\/2024\/03\/gallery00010-1-768x432.jpeg 768w, https:\/\/erturanmuhendislik.com\/wp-content\/uploads\/2024\/03\/gallery00010-1.jpeg 1280w\" sizes=\"auto, (max-width: 1024px) 100vw, 1024px\" \/><\/a><\/figure>\n\n\n\n<figure class=\"wp-block-image size-large\"><a href=\"http:\/\/erturanmuhendislik.com\/wp-content\/uploads\/2024\/03\/gallery00011-1.jpeg\"><img loading=\"lazy\" decoding=\"async\" width=\"1024\" height=\"682\" data-id=\"102\" src=\"http:\/\/erturanmuhendislik.com\/wp-content\/uploads\/2024\/03\/gallery00011-1-1024x682.jpeg\" alt=\"\" class=\"wp-image-102\" srcset=\"https:\/\/erturanmuhendislik.com\/wp-content\/uploads\/2024\/03\/gallery00011-1-1024x682.jpeg 1024w, https:\/\/erturanmuhendislik.com\/wp-content\/uploads\/2024\/03\/gallery00011-1-300x200.jpeg 300w, https:\/\/erturanmuhendislik.com\/wp-content\/uploads\/2024\/03\/gallery00011-1-768x512.jpeg 768w, https:\/\/erturanmuhendislik.com\/wp-content\/uploads\/2024\/03\/gallery00011-1.jpeg 1280w\" sizes=\"auto, (max-width: 1024px) 100vw, 1024px\" \/><\/a><\/figure>\n\n\n\n<figure class=\"wp-block-image size-large\"><a href=\"http:\/\/erturanmuhendislik.com\/wp-content\/uploads\/2024\/03\/gallery00012-1.jpeg\"><img loading=\"lazy\" decoding=\"async\" width=\"1024\" height=\"682\" data-id=\"103\" src=\"http:\/\/erturanmuhendislik.com\/wp-content\/uploads\/2024\/03\/gallery00012-1-1024x682.jpeg\" alt=\"\" class=\"wp-image-103\" srcset=\"https:\/\/erturanmuhendislik.com\/wp-content\/uploads\/2024\/03\/gallery00012-1-1024x682.jpeg 1024w, https:\/\/erturanmuhendislik.com\/wp-content\/uploads\/2024\/03\/gallery00012-1-300x200.jpeg 300w, https:\/\/erturanmuhendislik.com\/wp-content\/uploads\/2024\/03\/gallery00012-1-768x512.jpeg 768w, https:\/\/erturanmuhendislik.com\/wp-content\/uploads\/2024\/03\/gallery00012-1.jpeg 1280w\" sizes=\"auto, (max-width: 1024px) 100vw, 1024px\" \/><\/a><\/figure>\n\n\n\n<figure class=\"wp-block-image size-large\"><a href=\"http:\/\/erturanmuhendislik.com\/wp-content\/uploads\/2024\/03\/gallery00013-1.jpeg\"><img loading=\"lazy\" decoding=\"async\" width=\"1024\" height=\"664\" data-id=\"104\" src=\"http:\/\/erturanmuhendislik.com\/wp-content\/uploads\/2024\/03\/gallery00013-1-1024x664.jpeg\" alt=\"\" class=\"wp-image-104\" srcset=\"https:\/\/erturanmuhendislik.com\/wp-content\/uploads\/2024\/03\/gallery00013-1-1024x664.jpeg 1024w, https:\/\/erturanmuhendislik.com\/wp-content\/uploads\/2024\/03\/gallery00013-1-300x195.jpeg 300w, https:\/\/erturanmuhendislik.com\/wp-content\/uploads\/2024\/03\/gallery00013-1-768x498.jpeg 768w, https:\/\/erturanmuhendislik.com\/wp-content\/uploads\/2024\/03\/gallery00013-1.jpeg 1280w\" sizes=\"auto, (max-width: 1024px) 100vw, 1024px\" \/><\/a><\/figure>\n\n\n\n<figure class=\"wp-block-image size-large\"><a href=\"http:\/\/erturanmuhendislik.com\/wp-content\/uploads\/2024\/03\/gallery00014-1.jpeg\"><img loading=\"lazy\" decoding=\"async\" width=\"1024\" height=\"682\" data-id=\"105\" src=\"http:\/\/erturanmuhendislik.com\/wp-content\/uploads\/2024\/03\/gallery00014-1-1024x682.jpeg\" alt=\"\" class=\"wp-image-105\" srcset=\"https:\/\/erturanmuhendislik.com\/wp-content\/uploads\/2024\/03\/gallery00014-1-1024x682.jpeg 1024w, https:\/\/erturanmuhendislik.com\/wp-content\/uploads\/2024\/03\/gallery00014-1-300x200.jpeg 300w, https:\/\/erturanmuhendislik.com\/wp-content\/uploads\/2024\/03\/gallery00014-1-768x512.jpeg 768w, https:\/\/erturanmuhendislik.com\/wp-content\/uploads\/2024\/03\/gallery00014-1.jpeg 1280w\" sizes=\"auto, (max-width: 1024px) 100vw, 1024px\" \/><\/a><\/figure>\n\n\n\n<figure class=\"wp-block-image size-large\"><a href=\"http:\/\/erturanmuhendislik.com\/wp-content\/uploads\/2024\/03\/g00015-1-1.jpeg\"><img loading=\"lazy\" decoding=\"async\" width=\"1024\" height=\"682\" data-id=\"272\" src=\"http:\/\/erturanmuhendislik.com\/wp-content\/uploads\/2024\/03\/g00015-1-1-1024x682.jpeg\" alt=\"\" class=\"wp-image-272\" srcset=\"https:\/\/erturanmuhendislik.com\/wp-content\/uploads\/2024\/03\/g00015-1-1-1024x682.jpeg 1024w, https:\/\/erturanmuhendislik.com\/wp-content\/uploads\/2024\/03\/g00015-1-1-300x200.jpeg 300w, https:\/\/erturanmuhendislik.com\/wp-content\/uploads\/2024\/03\/g00015-1-1-768x512.jpeg 768w, https:\/\/erturanmuhendislik.com\/wp-content\/uploads\/2024\/03\/g00015-1-1.jpeg 1280w\" sizes=\"auto, (max-width: 1024px) 100vw, 1024px\" \/><\/a><\/figure>\n<\/figure>\n","protected":false},"excerpt":{"rendered":"<p>Resimleri ayr\u0131nt\u0131l\u0131 g\u00f6rebilmek i\u00e7in \u00fczerine t\u0131klayabilir, Kayd\u0131rarak \u00f6nceki ve sonraki Rasim&#8217;e ge\u00e7ebilirsiniz.<\/p>\n","protected":false},"author":1,"featured_media":0,"parent":0,"menu_order":0,"comment_status":"closed","ping_status":"closed","template":"","meta":{"footnotes":""},"class_list":["post-68","page","type-page","status-publish","hentry"],"_links":{"self":[{"href":"https:\/\/erturanmuhendislik.com\/index.php?rest_route=\/wp\/v2\/pages\/68","targetHints":{"allow":["GET"]}}],"collection":[{"href":"https:\/\/erturanmuhendislik.com\/index.php?rest_route=\/wp\/v2\/pages"}],"about":[{"href":"https:\/\/erturanmuhendislik.com\/index.php?rest_route=\/wp\/v2\/types\/page"}],"author":[{"embeddable":true,"href":"https:\/\/erturanmuhendislik.com\/index.php?rest_route=\/wp\/v2\/users\/1"}],"replies":[{"embeddable":true,"href":"https:\/\/erturanmuhendislik.com\/index.php?rest_route=%2Fwp%2Fv2%2Fcomments&post=68"}],"version-history":[{"count":1,"href":"https:\/\/erturanmuhendislik.com\/index.php?rest_route=\/wp\/v2\/pages\/68\/revisions"}],"predecessor-version":[{"id":772,"href":"https:\/\/erturanmuhendislik.com\/index.php?rest_route=\/wp\/v2\/pages\/68\/revisions\/772"}],"wp:attachment":[{"href":"https:\/\/erturanmuhendislik.com\/index.php?rest_route=%2Fwp%2Fv2%2Fmedia&parent=68"}],"curies":[{"name":"wp","href":"https:\/\/api.w.org\/{rel}","templated":true}]}}