{"id":52,"date":"2024-03-03T19:33:07","date_gmt":"2024-03-03T16:33:07","guid":{"rendered":"https:\/\/safirdemo.com\/atolye\/sikca-sorulan-sorular\/"},"modified":"2025-08-12T15:09:37","modified_gmt":"2025-08-12T12:09:37","slug":"sikca-sorulan-sorular","status":"publish","type":"page","link":"https:\/\/erturanmuhendislik.com\/?page_id=52","title":{"rendered":"S\u0131k\u00e7a Sorulan Sorular"},"content":{"rendered":"\n<p>Bu sayfa sizden gelen sorular ve onlara verilecek cevaplar ile g\u00fcncellenecektir.<\/p>\n\n\n<div class=\"wp-block-safirtema-sorucevap\">\n\t<div class=\"question\">\n\t\t<div class=\"themeicon icon\">\n\t\t\t<span class=\"themeicon icon\"><svg class=\"themeicon-plus\"><use href=\"#themeicon-plus\"><\/use><\/svg><\/span>\t\t\t<span class=\"themeicon icon\"><svg class=\"themeicon-minus\"><use href=\"#themeicon-minus\"><\/use><\/svg><\/span>\t\t<\/div>\n\t\t<span class=\"text\">Buraya sorunuzu yaz\u0131n\u0131z.<\/span>\n\t<\/div>\n\t<div class=\"answer\">Buraya cevab\u0131n\u0131z\u0131 yaz\u0131n\u0131z.<\/div>\n<\/div>","protected":false},"excerpt":{"rendered":"<p>Bu sayfa sizden gelen sorular ve onlara verilecek cevaplar ile g\u00fcncellenecektir.<\/p>\n","protected":false},"author":1,"featured_media":0,"parent":0,"menu_order":0,"comment_status":"closed","ping_status":"closed","template":"","meta":{"footnotes":""},"class_list":["post-52","page","type-page","status-publish","hentry"],"_links":{"self":[{"href":"https:\/\/erturanmuhendislik.com\/index.php?rest_route=\/wp\/v2\/pages\/52","targetHints":{"allow":["GET"]}}],"collection":[{"href":"https:\/\/erturanmuhendislik.com\/index.php?rest_route=\/wp\/v2\/pages"}],"about":[{"href":"https:\/\/erturanmuhendislik.com\/index.php?rest_route=\/wp\/v2\/types\/page"}],"author":[{"embeddable":true,"href":"https:\/\/erturanmuhendislik.com\/index.php?rest_route=\/wp\/v2\/users\/1"}],"replies":[{"embeddable":true,"href":"https:\/\/erturanmuhendislik.com\/index.php?rest_route=%2Fwp%2Fv2%2Fcomments&post=52"}],"version-history":[{"count":4,"href":"https:\/\/erturanmuhendislik.com\/index.php?rest_route=\/wp\/v2\/pages\/52\/revisions"}],"predecessor-version":[{"id":770,"href":"https:\/\/erturanmuhendislik.com\/index.php?rest_route=\/wp\/v2\/pages\/52\/revisions\/770"}],"wp:attachment":[{"href":"https:\/\/erturanmuhendislik.com\/index.php?rest_route=%2Fwp%2Fv2%2Fmedia&parent=52"}],"curies":[{"name":"wp","href":"https:\/\/api.w.org\/{rel}","templated":true}]}}