{"id":23,"date":"2024-03-03T13:20:43","date_gmt":"2024-03-03T10:20:43","guid":{"rendered":"https:\/\/safirdemo.com\/atolye\/cozum-ortaklari\/"},"modified":"2025-08-09T15:10:36","modified_gmt":"2025-08-09T12:10:36","slug":"cozum-ortaklari","status":"publish","type":"page","link":"https:\/\/erturanmuhendislik.com\/?page_id=23","title":{"rendered":"Hizmet verdi\u011fimiz markalar"},"content":{"rendered":"\n<p>Bu sayfada teknik destek hizmeti verdi\u011fimiz baz\u0131 markalara yer verilmi\u015ftir. Daha fazla marka ve model bilgisi i\u00e7in bizi \u00e7ekinmeden arayabilirsiniz.<\/p>\n\n\n\n<figure class=\"wp-block-gallery has-nested-images columns-default wp-block-gallery-1 is-layout-flex wp-block-gallery-is-layout-flex\">\n<figure class=\"wp-block-image size-full\"><img loading=\"lazy\" decoding=\"async\" width=\"1000\" height=\"271\" data-id=\"675\" src=\"http:\/\/erturanmuhendislik.com\/wp-content\/uploads\/2025\/08\/Baymak_Logo.png\" alt=\"\" class=\"wp-image-675\" srcset=\"https:\/\/erturanmuhendislik.com\/wp-content\/uploads\/2025\/08\/Baymak_Logo.png 1000w, https:\/\/erturanmuhendislik.com\/wp-content\/uploads\/2025\/08\/Baymak_Logo-300x81.png 300w, https:\/\/erturanmuhendislik.com\/wp-content\/uploads\/2025\/08\/Baymak_Logo-768x208.png 768w\" sizes=\"auto, (max-width: 1000px) 100vw, 1000px\" \/><\/figure>\n\n\n\n<figure class=\"wp-block-image size-large\"><img loading=\"lazy\" decoding=\"async\" width=\"1024\" height=\"230\" data-id=\"678\" src=\"http:\/\/erturanmuhendislik.com\/wp-content\/uploads\/2025\/08\/Bosch-logo.svg_-1024x230.png\" alt=\"BOSCH\" class=\"wp-image-678\" srcset=\"https:\/\/erturanmuhendislik.com\/wp-content\/uploads\/2025\/08\/Bosch-logo.svg_-1024x230.png 1024w, https:\/\/erturanmuhendislik.com\/wp-content\/uploads\/2025\/08\/Bosch-logo.svg_-300x67.png 300w, https:\/\/erturanmuhendislik.com\/wp-content\/uploads\/2025\/08\/Bosch-logo.svg_-768x172.png 768w, https:\/\/erturanmuhendislik.com\/wp-content\/uploads\/2025\/08\/Bosch-logo.svg_-1536x344.png 1536w, https:\/\/erturanmuhendislik.com\/wp-content\/uploads\/2025\/08\/Bosch-logo.svg_-2048x459.png 2048w\" sizes=\"auto, (max-width: 1024px) 100vw, 1024px\" \/><\/figure>\n\n\n\n<figure class=\"wp-block-image size-full\"><img loading=\"lazy\" decoding=\"async\" width=\"1000\" height=\"1000\" data-id=\"681\" src=\"http:\/\/erturanmuhendislik.com\/wp-content\/uploads\/2025\/08\/arcelik_marka_logo.png\" alt=\"\" class=\"wp-image-681\" srcset=\"https:\/\/erturanmuhendislik.com\/wp-content\/uploads\/2025\/08\/arcelik_marka_logo.png 1000w, https:\/\/erturanmuhendislik.com\/wp-content\/uploads\/2025\/08\/arcelik_marka_logo-300x300.png 300w, https:\/\/erturanmuhendislik.com\/wp-content\/uploads\/2025\/08\/arcelik_marka_logo-150x150.png 150w, https:\/\/erturanmuhendislik.com\/wp-content\/uploads\/2025\/08\/arcelik_marka_logo-768x768.png 768w\" sizes=\"auto, (max-width: 1000px) 100vw, 1000px\" \/><\/figure>\n\n\n\n<figure class=\"wp-block-image size-full\"><img loading=\"lazy\" decoding=\"async\" width=\"960\" height=\"165\" data-id=\"683\" src=\"http:\/\/erturanmuhendislik.com\/wp-content\/uploads\/2025\/08\/Demirdokum_logo.png\" alt=\"\" class=\"wp-image-683\" srcset=\"https:\/\/erturanmuhendislik.com\/wp-content\/uploads\/2025\/08\/Demirdokum_logo.png 960w, https:\/\/erturanmuhendislik.com\/wp-content\/uploads\/2025\/08\/Demirdokum_logo-300x52.png 300w, https:\/\/erturanmuhendislik.com\/wp-content\/uploads\/2025\/08\/Demirdokum_logo-768x132.png 768w\" sizes=\"auto, (max-width: 960px) 100vw, 960px\" \/><\/figure>\n\n\n\n<figure class=\"wp-block-image size-large\"><img loading=\"lazy\" decoding=\"async\" width=\"1024\" height=\"244\" data-id=\"685\" src=\"http:\/\/erturanmuhendislik.com\/wp-content\/uploads\/2025\/08\/Siemens-logo.svg_-1024x244.png\" alt=\"\" class=\"wp-image-685\" srcset=\"https:\/\/erturanmuhendislik.com\/wp-content\/uploads\/2025\/08\/Siemens-logo.svg_-1024x244.png 1024w, https:\/\/erturanmuhendislik.com\/wp-content\/uploads\/2025\/08\/Siemens-logo.svg_-300x71.png 300w, https:\/\/erturanmuhendislik.com\/wp-content\/uploads\/2025\/08\/Siemens-logo.svg_-768x183.png 768w, https:\/\/erturanmuhendislik.com\/wp-content\/uploads\/2025\/08\/Siemens-logo.svg_-1536x366.png 1536w, https:\/\/erturanmuhendislik.com\/wp-content\/uploads\/2025\/08\/Siemens-logo.svg_-2048x488.png 2048w\" sizes=\"auto, (max-width: 1024px) 100vw, 1024px\" \/><\/figure>\n\n\n\n<figure class=\"wp-block-image size-large\"><img loading=\"lazy\" decoding=\"async\" width=\"1024\" height=\"265\" data-id=\"687\" src=\"http:\/\/erturanmuhendislik.com\/wp-content\/uploads\/2025\/08\/vestel-kirmizi-logo-buyuk11-1024x265.png\" alt=\"\" class=\"wp-image-687\" srcset=\"https:\/\/erturanmuhendislik.com\/wp-content\/uploads\/2025\/08\/vestel-kirmizi-logo-buyuk11-1024x265.png 1024w, https:\/\/erturanmuhendislik.com\/wp-content\/uploads\/2025\/08\/vestel-kirmizi-logo-buyuk11-300x78.png 300w, https:\/\/erturanmuhendislik.com\/wp-content\/uploads\/2025\/08\/vestel-kirmizi-logo-buyuk11-768x198.png 768w, https:\/\/erturanmuhendislik.com\/wp-content\/uploads\/2025\/08\/vestel-kirmizi-logo-buyuk11-1536x397.png 1536w, https:\/\/erturanmuhendislik.com\/wp-content\/uploads\/2025\/08\/vestel-kirmizi-logo-buyuk11.png 1920w\" sizes=\"auto, (max-width: 1024px) 100vw, 1024px\" \/><\/figure>\n\n\n\n<figure class=\"wp-block-image size-large\"><img loading=\"lazy\" decoding=\"async\" width=\"1024\" height=\"291\" data-id=\"689\" src=\"http:\/\/erturanmuhendislik.com\/wp-content\/uploads\/2025\/08\/Vaillant-logo-2021.svg_-1024x291.png\" alt=\"\" class=\"wp-image-689\" srcset=\"https:\/\/erturanmuhendislik.com\/wp-content\/uploads\/2025\/08\/Vaillant-logo-2021.svg_-1024x291.png 1024w, https:\/\/erturanmuhendislik.com\/wp-content\/uploads\/2025\/08\/Vaillant-logo-2021.svg_-300x85.png 300w, https:\/\/erturanmuhendislik.com\/wp-content\/uploads\/2025\/08\/Vaillant-logo-2021.svg_-768x218.png 768w, https:\/\/erturanmuhendislik.com\/wp-content\/uploads\/2025\/08\/Vaillant-logo-2021.svg_-1536x437.png 1536w, https:\/\/erturanmuhendislik.com\/wp-content\/uploads\/2025\/08\/Vaillant-logo-2021.svg_-2048x582.png 2048w\" sizes=\"auto, (max-width: 1024px) 100vw, 1024px\" \/><\/figure>\n\n\n\n<figure class=\"wp-block-image size-full\"><img loading=\"lazy\" decoding=\"async\" width=\"820\" height=\"246\" data-id=\"691\" src=\"http:\/\/erturanmuhendislik.com\/wp-content\/uploads\/2025\/08\/mitsubishi-motors-logo-mitsubishi-lancer-mitsubishi-group-png-favpng-eSjd2RqNmJcNUiihB00e0C355.jpg\" alt=\"\" class=\"wp-image-691\" srcset=\"https:\/\/erturanmuhendislik.com\/wp-content\/uploads\/2025\/08\/mitsubishi-motors-logo-mitsubishi-lancer-mitsubishi-group-png-favpng-eSjd2RqNmJcNUiihB00e0C355.jpg 820w, https:\/\/erturanmuhendislik.com\/wp-content\/uploads\/2025\/08\/mitsubishi-motors-logo-mitsubishi-lancer-mitsubishi-group-png-favpng-eSjd2RqNmJcNUiihB00e0C355-300x90.jpg 300w, https:\/\/erturanmuhendislik.com\/wp-content\/uploads\/2025\/08\/mitsubishi-motors-logo-mitsubishi-lancer-mitsubishi-group-png-favpng-eSjd2RqNmJcNUiihB00e0C355-768x230.jpg 768w\" sizes=\"auto, (max-width: 820px) 100vw, 820px\" \/><\/figure>\n\n\n\n<figure class=\"wp-block-image size-large\"><img loading=\"lazy\" decoding=\"async\" width=\"1024\" height=\"576\" data-id=\"693\" src=\"http:\/\/erturanmuhendislik.com\/wp-content\/uploads\/2025\/08\/Viessmann-Logo-1024x576.png\" alt=\"\" class=\"wp-image-693\" srcset=\"https:\/\/erturanmuhendislik.com\/wp-content\/uploads\/2025\/08\/Viessmann-Logo-1024x576.png 1024w, https:\/\/erturanmuhendislik.com\/wp-content\/uploads\/2025\/08\/Viessmann-Logo-300x169.png 300w, https:\/\/erturanmuhendislik.com\/wp-content\/uploads\/2025\/08\/Viessmann-Logo-768x432.png 768w, https:\/\/erturanmuhendislik.com\/wp-content\/uploads\/2025\/08\/Viessmann-Logo-1536x864.png 1536w, https:\/\/erturanmuhendislik.com\/wp-content\/uploads\/2025\/08\/Viessmann-Logo-2048x1152.png 2048w\" sizes=\"auto, (max-width: 1024px) 100vw, 1024px\" \/><\/figure>\n\n\n\n<figure class=\"wp-block-image size-full\"><img loading=\"lazy\" decoding=\"async\" width=\"264\" height=\"198\" data-id=\"695\" src=\"http:\/\/erturanmuhendislik.com\/wp-content\/uploads\/2025\/08\/Beko_2014_logo.png\" alt=\"\" class=\"wp-image-695\"\/><\/figure>\n\n\n\n<figure class=\"wp-block-image size-full\"><img loading=\"lazy\" decoding=\"async\" width=\"600\" height=\"600\" data-id=\"697\" src=\"http:\/\/erturanmuhendislik.com\/wp-content\/uploads\/2025\/08\/airfel-logo-png_seeklogo-213257.png\" alt=\"\" class=\"wp-image-697\" srcset=\"https:\/\/erturanmuhendislik.com\/wp-content\/uploads\/2025\/08\/airfel-logo-png_seeklogo-213257.png 600w, https:\/\/erturanmuhendislik.com\/wp-content\/uploads\/2025\/08\/airfel-logo-png_seeklogo-213257-300x300.png 300w, https:\/\/erturanmuhendislik.com\/wp-content\/uploads\/2025\/08\/airfel-logo-png_seeklogo-213257-150x150.png 150w\" sizes=\"auto, (max-width: 600px) 100vw, 600px\" \/><\/figure>\n\n\n\n<figure class=\"wp-block-image size-large\"><img loading=\"lazy\" decoding=\"async\" width=\"1024\" height=\"503\" data-id=\"699\" src=\"http:\/\/erturanmuhendislik.com\/wp-content\/uploads\/2025\/08\/Ferroli_logo.svg_-1024x503.png\" alt=\"\" class=\"wp-image-699\" srcset=\"https:\/\/erturanmuhendislik.com\/wp-content\/uploads\/2025\/08\/Ferroli_logo.svg_-1024x503.png 1024w, https:\/\/erturanmuhendislik.com\/wp-content\/uploads\/2025\/08\/Ferroli_logo.svg_-300x147.png 300w, https:\/\/erturanmuhendislik.com\/wp-content\/uploads\/2025\/08\/Ferroli_logo.svg_-768x377.png 768w, https:\/\/erturanmuhendislik.com\/wp-content\/uploads\/2025\/08\/Ferroli_logo.svg_-1536x755.png 1536w, https:\/\/erturanmuhendislik.com\/wp-content\/uploads\/2025\/08\/Ferroli_logo.svg_-2048x1006.png 2048w\" sizes=\"auto, (max-width: 1024px) 100vw, 1024px\" \/><\/figure>\n<\/figure>\n\n\n<div style=\"color:var(--headColor);\" class=\"wp-block-safirtema-mainheading has-text-color\">\n\t<div class=\"singleHeading\">\n\t\t<div class=\"inner\">\n\t\t\t<span class=\"safiricon icon\"><svg class=\"safiricon-anlasma\"><use href=\"#safiricon-anlasma\"><\/use><\/svg><\/span>\t\t\t<div class=\"text\">\u00c7al\u0131\u015fma Ortaklar\u0131<\/div>\n\t\t<\/div>\n\t<\/div>\n<\/div>\n\n\n<div class=\"safir-list\" data-col=\"4\"><ul class=\"wp-block-list\">\n<li>Demir D\u00f6k\u00fcm<\/li>\n\n\n\n<li>Bosch<\/li>\n\n\n\n<li>ECA<\/li>\n\n\n\n<li>Vaillant<\/li>\n\n\n\n<li>Viessmann<\/li>\n\n\n\n<li>Baymak<\/li>\n\n\n\n<li>Protherm<\/li>\n\n\n\n<li>Buderus<\/li>\n\n\n\n<li>Daikin<\/li>\n\n\n\n<li>Warmhaus<\/li>\n\n\n\n<li>Ariston<\/li>\n\n\n\n<li>\u0130mmergas<\/li>\n\n\n\n<li>Beretta<\/li>\n\n\n\n<li>Chaffoteaux<\/li>\n\n\n\n<li>Intergas<\/li>\n\n\n\n<li>Navien<\/li>\n\n\n\n<li>Sime<\/li>\n\n\n\n<li>Alpha Innotec<\/li>\n\n\n\n<li>Heatline<\/li>\n\n\n\n<li>Junkers<\/li>\n<\/ul><\/div>\n\n\n\n<p><\/p>\n","protected":false},"excerpt":{"rendered":"<p>Bu sayfada teknik destek hizmeti verdi\u011fimiz baz\u0131 markalara yer verilmi\u015ftir. Daha fazla marka ve model bilgisi i\u00e7in bizi \u00e7ekinmeden arayabilirsiniz.<\/p>\n","protected":false},"author":1,"featured_media":0,"parent":0,"menu_order":0,"comment_status":"closed","ping_status":"closed","template":"pages\/page-references.php","meta":{"footnotes":""},"class_list":["post-23","page","type-page","status-publish","hentry"],"_links":{"self":[{"href":"https:\/\/erturanmuhendislik.com\/index.php?rest_route=\/wp\/v2\/pages\/23","targetHints":{"allow":["GET"]}}],"collection":[{"href":"https:\/\/erturanmuhendislik.com\/index.php?rest_route=\/wp\/v2\/pages"}],"about":[{"href":"https:\/\/erturanmuhendislik.com\/index.php?rest_route=\/wp\/v2\/types\/page"}],"author":[{"embeddable":true,"href":"https:\/\/erturanmuhendislik.com\/index.php?rest_route=\/wp\/v2\/users\/1"}],"replies":[{"embeddable":true,"href":"https:\/\/erturanmuhendislik.com\/index.php?rest_route=%2Fwp%2Fv2%2Fcomments&post=23"}],"version-history":[{"count":18,"href":"https:\/\/erturanmuhendislik.com\/index.php?rest_route=\/wp\/v2\/pages\/23\/revisions"}],"predecessor-version":[{"id":705,"href":"https:\/\/erturanmuhendislik.com\/index.php?rest_route=\/wp\/v2\/pages\/23\/revisions\/705"}],"wp:attachment":[{"href":"https:\/\/erturanmuhendislik.com\/index.php?rest_route=%2Fwp%2Fv2%2Fmedia&parent=23"}],"curies":[{"name":"wp","href":"https:\/\/api.w.org\/{rel}","templated":true}]}}